{"id":278,"date":"2020-06-30T22:15:11","date_gmt":"2020-06-30T20:15:11","guid":{"rendered":"https:\/\/www.sakewitz-consulting.de\/?page_id=278"},"modified":"2020-11-16T10:38:35","modified_gmt":"2020-11-16T09:38:35","slug":"datapolicy","status":"publish","type":"page","link":"https:\/\/www.sakewitz-consulting.de\/en\/datapolicy\/","title":{"rendered":"Data policy"},"content":{"rendered":"\n<style type=\"text\/css\" data-created_by=\"avia_inline_auto\" id=\"style-css-av-av_one_full-79ff81c021393065cee878051452f6a6\">\n.flex_column.av-av_one_full-79ff81c021393065cee878051452f6a6{\nborder-radius:0px 0px 0px 0px;\npadding:0px 0px 0px 0px;\n}\n<\/style>\n<div  class='flex_column av-av_one_full-79ff81c021393065cee878051452f6a6 av_one_full  avia-builder-el-0  avia-builder-el-no-sibling  first flex_column_div av-zero-column-padding  '     ><section  class='av_textblock_section av-kc2de393-7683cccc65de0d6236df54c562452549 '   itemscope=\"itemscope\" itemtype=\"https:\/\/schema.org\/CreativeWork\" ><div class='avia_textblock'  itemprop=\"text\" ><h1>Datenschutz<\/h1>\n<p>Unterst\u00fctzung als externe Datenschutzbeauftragte, Datenschutzaudits, Mitarbeiterschulungen, Quick-Scans zur Ermittlung des Status \u2013 Datenschutz ist ein Prozess. Wir bieten Ihnen ein wirksames Management von Datenschutz und IT-Sicherheit. Sie profitieren von unserer Expertise und langj\u00e4hrigen Erfahrung im Bereich Datenschutz als externe Datenschutzbeauftragte, Datenschutz-Auditor, Sachverst\u00e4ndige f\u00fcr IT und Datenschutz sowie als Berater f\u00fcr Datenschutz bei bundesweiten Unternehmen.<br \/>\nWir unterst\u00fctzen Sie bei der Analyse und Verbesserung Ihres Datenschutzmanagementsystems wie auch bei Audits gem\u00e4\u00df \u00a7 11 BDSG (Auftragsdatenverarbeitung), des Weiteren bei der Implementierung von Qualit\u00e4ts- und IT-Managementsystemen (ISO 9001, ISO 27001, BSI-Standard):<\/p>\n<ol>\n<li>IST-Status und Analyse<\/li>\n<li>Planung<\/li>\n<li>Implementierung<\/li>\n<li>Monitoring, Optimierung und \u00dcberwachung<\/li>\n<li>Unterst\u00fctzung bei Zertifizierungen<\/li>\n<\/ol>\n<h2>Braucht Ihr Unternehmen einen Datenschutzbeauftragten?<\/h2>\n<ul>\n<li>Verarbeiten mehr als neun Personen mittels IT personenbezogene Daten (dazu geh\u00f6ren auch E-Mail-Adressen, Telefonnummern)<\/li>\n<li>Haben Sie externe Dienstleister beauftragt (z. B. IT-Dienstleister, Druckereien, Lohnb\u00fcro etc.)<\/li>\n<li>Sind entsprechende Vereinbarungen mit den Dienstleistern zur Auftragsdatenverarbeitung getroffen?<\/li>\n<li>Sind die notwendigen technischen und organisatorischen Ma\u00dfnehmen gem\u00e4\u00df \u00a7 9 BDSG gepr\u00fcft und dokumentiert?<\/li>\n<li>Besteht eine Vereinbarung \u00fcber die private Internet- und E-Mailnutzung mit den Mitarbeitern?<\/li>\n<\/ul>\n<p>Sofern Sie eine der Fragen mit JA beantworten, m\u00fcssen Sie sehr wahrscheinlich einen Datenschutzbeauftragten bestellen. Ist ein DSB nicht bestellt, k\u00f6nnen Bu\u00dfgelder bis zu 50 000 Euro verh\u00e4ngt werden. Minimieren Sie Ihr Risiko.<br \/>\nWir beraten Sie gerne in einem unverbindlichen Gespr\u00e4ch.<\/p>\n<\/div><\/section><\/div>\n","protected":false},"excerpt":{"rendered":"","protected":false},"author":1,"featured_media":0,"parent":0,"menu_order":0,"comment_status":"closed","ping_status":"closed","template":"","meta":{"footnotes":""},"class_list":["post-278","page","type-page","status-publish","hentry"],"_links":{"self":[{"href":"https:\/\/www.sakewitz-consulting.de\/en\/wp-json\/wp\/v2\/pages\/278","targetHints":{"allow":["GET"]}}],"collection":[{"href":"https:\/\/www.sakewitz-consulting.de\/en\/wp-json\/wp\/v2\/pages"}],"about":[{"href":"https:\/\/www.sakewitz-consulting.de\/en\/wp-json\/wp\/v2\/types\/page"}],"author":[{"embeddable":true,"href":"https:\/\/www.sakewitz-consulting.de\/en\/wp-json\/wp\/v2\/users\/1"}],"replies":[{"embeddable":true,"href":"https:\/\/www.sakewitz-consulting.de\/en\/wp-json\/wp\/v2\/comments?post=278"}],"version-history":[{"count":7,"href":"https:\/\/www.sakewitz-consulting.de\/en\/wp-json\/wp\/v2\/pages\/278\/revisions"}],"predecessor-version":[{"id":599,"href":"https:\/\/www.sakewitz-consulting.de\/en\/wp-json\/wp\/v2\/pages\/278\/revisions\/599"}],"wp:attachment":[{"href":"https:\/\/www.sakewitz-consulting.de\/en\/wp-json\/wp\/v2\/media?parent=278"}],"curies":[{"name":"wp","href":"https:\/\/api.w.org\/{rel}","templated":true}]}}